{"id":768,"date":"2016-10-19T10:20:30","date_gmt":"2016-10-19T08:20:30","guid":{"rendered":"http:\/\/oriti\/?page_id=768"},"modified":"2016-10-24T13:03:31","modified_gmt":"2016-10-24T11:03:31","slug":"assistenza","status":"publish","type":"page","link":"https:\/\/oriti.ch\/index.php\/assistenza\/","title":{"rendered":"Assistenza"},"content":{"rendered":"<p>[vc_row full_width=&#8221;stretch_row&#8221; css=&#8221;.vc_custom_1476865818845{padding-top: 40px !important;background-color: #ffffff !important;}&#8221;][vc_column width=&#8221;1\/3&#8243;][vc_single_image image=&#8221;77&#8243; img_size=&#8221;medium&#8221;][\/vc_column][vc_column width=&#8221;2\/3&#8243;][tt_rp_title_shortcode title=&#8221;Intervento 24 ore su 24&#8243; show_sp=&#8221;yes&#8221;][vc_empty_space height=&#8221;30&#8243;][vc_column_text]Offriamo un servizio di intervento e riparazione attivo 24 ore su 24 per tutti i tipi di impianti elettrici, centralini di telefonia e reti informatiche. Il nostro personale \u00e8 in grado di rispondere in breve tempo alle vostre necessit\u00e0 e risolverle nel migliore dei modi, garantendovi un&#8217;alta qualit\u00e0 di realizzazione, nel rispetto delle pi\u00f9 severe norme di sicurezza.[\/vc_column_text][tt_rp_info_shortcode title=&#8221;Richiedi intervento&#8221; text=&#8221;Puoi inviarci una richiesta di intervento urgente inviandoci un messaggio o chiamando il numero: +41 91 943 73 10.&#8221; btn_text=&#8221;INVIA RICHIESTA&#8221; link=&#8221;index.php\/contatti&#8221;][vc_empty_space height=&#8221;80&#8243;][\/vc_column][\/vc_row][vc_row full_width=&#8221;stretch_row&#8221; el_class=&#8221;schedule-row&#8221;][vc_column width=&#8221;1\/2&#8243;][vc_empty_space height=&#8221;50px&#8221;][vc_row_inner][vc_column_inner width=&#8221;1\/2&#8243;][tt_rp_icon_box_shortcode box_type=&#8221;type_3&#8243; titlecolor=&#8221;#09519e&#8221; type_icon=&#8221;fa fa-truck&#8221; iconcolor=&#8221;#ffcc00&#8243; title=&#8221;Veicoli attrezzati&#8221;]I nostri moderni veicoli sono attrezzati per rispondere ad ogni necessit\u00e0.[\/tt_rp_icon_box_shortcode][\/vc_column_inner][vc_column_inner width=&#8221;1\/2&#8243;][tt_rp_icon_box_shortcode box_type=&#8221;type_3&#8243; titlecolor=&#8221;#09519e&#8221; type_icon=&#8221;fa fa-user&#8221; iconcolor=&#8221;#ffcc00&#8243; title=&#8221;Assistenza post\u00ad-vendita\u00ad&#8221;]Vi forniamo supporto costante durante tutto il periodo di post-vendita.[\/tt_rp_icon_box_shortcode][\/vc_column_inner][\/vc_row_inner][vc_empty_space height=&#8221;50px&#8221;][vc_row_inner][vc_column_inner width=&#8221;1\/2&#8243;][tt_rp_icon_box_shortcode box_type=&#8221;type_3&#8243; titlecolor=&#8221;#09519e&#8221; type_icon=&#8221;fa fa-heart-o&#8221; iconcolor=&#8221;#ffcc00&#8243; title=&#8221;Pronto intervento&#8221;]I nostri tecnici hanno tempi di intervento molto rapidi. Il vostro problema sar\u00e0 brevemente risolto.[\/tt_rp_icon_box_shortcode][\/vc_column_inner][vc_column_inner width=&#8221;1\/2&#8243;][tt_rp_icon_box_shortcode box_type=&#8221;type_3&#8243; titlecolor=&#8221;#09519e&#8221; type_icon=&#8221;fa fa-thumbs-o-up&#8221; iconcolor=&#8221;#ffcc00&#8243; title=&#8221;Tutti i tipi di impianto&#8221;]Realizziamo qualsiasi tipo di impianto, sia esso a corrente forte che a corrente debole.[\/tt_rp_icon_box_shortcode][\/vc_column_inner][\/vc_row_inner][vc_empty_space height=&#8221;80px&#8221;][\/vc_column][vc_column width=&#8221;1\/2&#8243;][vc_empty_space height=&#8221;54px&#8221;][vc_single_image image=&#8221;386&#8243; img_size=&#8221;500&#215;385&#8243; alignment=&#8221;center&#8221;][\/vc_column][\/vc_row]<\/p>\n","protected":false},"excerpt":{"rendered":"<p>[vc_row full_width=&#8221;stretch_row&#8221; css=&#8221;.vc_custom_1476865818845{padding-top: 40px !important;background-color: #ffffff !important;}&#8221;][vc_column width=&#8221;1\/3&#8243;][vc_single_image image=&#8221;77&#8243; img_size=&#8221;medium&#8221;][\/vc_column][vc_column width=&#8221;2\/3&#8243;][tt_rp_title_shortcode title=&#8221;Intervento 24 ore su 24&#8243; show_sp=&#8221;yes&#8221;][vc_empty_space height=&#8221;30&#8243;][vc_column_text]Offriamo un servizio di intervento e riparazione attivo 24 ore su 24 per tutti i tipi di impianti elettrici, centralini di telefonia e reti informatiche. Il nostro personale \u00e8 in grado di rispondere in breve tempo alle vostre [&hellip;]<\/p>\n","protected":false},"author":1,"featured_media":0,"parent":0,"menu_order":0,"comment_status":"closed","ping_status":"closed","template":"","meta":[],"_links":{"self":[{"href":"https:\/\/oriti.ch\/index.php\/wp-json\/wp\/v2\/pages\/768"}],"collection":[{"href":"https:\/\/oriti.ch\/index.php\/wp-json\/wp\/v2\/pages"}],"about":[{"href":"https:\/\/oriti.ch\/index.php\/wp-json\/wp\/v2\/types\/page"}],"author":[{"embeddable":true,"href":"https:\/\/oriti.ch\/index.php\/wp-json\/wp\/v2\/users\/1"}],"replies":[{"embeddable":true,"href":"https:\/\/oriti.ch\/index.php\/wp-json\/wp\/v2\/comments?post=768"}],"version-history":[{"count":23,"href":"https:\/\/oriti.ch\/index.php\/wp-json\/wp\/v2\/pages\/768\/revisions"}],"predecessor-version":[{"id":891,"href":"https:\/\/oriti.ch\/index.php\/wp-json\/wp\/v2\/pages\/768\/revisions\/891"}],"wp:attachment":[{"href":"https:\/\/oriti.ch\/index.php\/wp-json\/wp\/v2\/media?parent=768"}],"curies":[{"name":"wp","href":"https:\/\/api.w.org\/{rel}","templated":true}]}}