{"id":706,"date":"2016-10-18T12:43:37","date_gmt":"2016-10-18T10:43:37","guid":{"rendered":"http:\/\/oriti\/?page_id=706"},"modified":"2016-10-24T12:29:04","modified_gmt":"2016-10-24T10:29:04","slug":"servizi","status":"publish","type":"page","link":"https:\/\/oriti.ch\/index.php\/servizi\/","title":{"rendered":"Servizi"},"content":{"rendered":"<p>[vc_row full_width=&#8221;stretch_row&#8221; css=&#8221;.vc_custom_1464355177050{background-color: #ffffff !important;}&#8221;][vc_column][vc_empty_space height=&#8221;44px&#8221;][tt_rp_title_shortcode title=&#8221;I NOSTRI SERVIZI&#8221; show_sp=&#8221;yes&#8221;][vc_empty_space height=&#8221;20px&#8221;][vc_row_inner][vc_column_inner][tt_rp_service_shortcode service_type=&#8221;type_3&#8243; image=&#8221;523&#8243; title=&#8221;Progettazione&#8221; text=&#8221;Grazie al nostro alto know-how tecnico sviluppiamo e progettiamo soluzioni per ogni tipo di evenienza che riguardi l&#8217;installazione di impianti elettrici, domotici, informatici, telefonia fissa e VOIP.&#8221; el_class=&#8221;alt387&#8243;][vc_empty_space height=&#8221;15&#8243;][tt_rp_service_shortcode service_type=&#8221;type_3&#8243; image=&#8221;22&#8243; title=&#8221;Elettricit\u00e0&#8221; text=&#8221;Siamo esperti nelle installazioni di nuovi impianti elettrici, come pure nella manutenzione di impianti esistenti. Garantiamo un&#8217;alta qualit\u00e0 di materiale e di conoscienze tecniche. Tutti i nostri impianti rispondono alle pi\u00f9 severe norme di sicurezza svizzere ed internazionali.&#8221; el_class=&#8221;alt387&#8243;][vc_empty_space height=&#8221;15&#8243;][tt_rp_service_shortcode service_type=&#8221;type_3&#8243; image=&#8221;20&#8243; title=&#8221;Telecomunicazioni&#8221; text=&#8221;Realizziamo e progettiamo impianti telefonici tradizionali per utenti singoli, come pure impianti per grandi imprese, dotati delle pi\u00f9 recenti funzioni software\/hardware. Il nostro team si avvale della presenza di esperti IT in grado di realizzare soluzioni tecnologicamente avanzate per ogni tipo di esigenza.&#8221; el_class=&#8221;alt387&#8243;][vc_empty_space height=&#8221;15&#8243;][tt_rp_service_shortcode service_type=&#8221;type_3&#8243; image=&#8221;24&#8243; title=&#8221;Sicurezza&#8221; text=&#8221;La sicurezza degli impianti elettrici \u00e8 un pilastro della nostra filosofia aziendale. Tutti gli impianti di nostra realizzazione\/manutenzione rispettano i pi\u00f9 rigidi criteri di sicurezza. Ci avvalliamo di partner specializzati per certificare ogni nostro lavoro, nel rispetto delle norme di sicurezza svizzere ed internazionali.&#8221; css=&#8221;.vc_custom_1476863404232{padding-bottom: 100px !important;}&#8221;][vc_empty_space height=&#8221;15&#8243;][tt_rp_service_shortcode service_type=&#8221;type_3&#8243; image=&#8221;23&#8243; title=&#8221;Trasmissione dati&#8221; text=&#8221;Siamo esperti nella progettazione e realizzazione di reti LAN-WAN-Wireless ad alte prestazioni. Grazie alle nostre conoscienze tecniche e hardware di alto livello, la vostra rete aziendale godr\u00e0 di alte performance, garantendo un elevato livello di sicurezza per i vostri dati.&#8221;][vc_empty_space height=&#8221;15&#8243;][tt_rp_service_shortcode service_type=&#8221;type_3&#8243; image=&#8221;722&#8243; title=&#8221;Sorveglianza IP&#8221; text=&#8221;La video sorveglianza IP \u00e8 fondata su una tecnologia di comunicazione ben collaudata, pronta per le evoluzioni future. I flussi video composti da immagini digitalizzate, trasferiti attraverso una rete informatica, permettono di visualizzare quest&#8217;immagini a distanza tramite Internet. La sua facilit\u00e0 di messa in atto e la possibilit\u00e0 di espansione su grande scala la rendono ideale non soltanto per estendere i sistemi di video sorveglianza esistenti, ma anche in un grande numero di nuove applicazioni. La video sorveglianza IP non ha limite geografico: pu\u00f2 essere utilizzata su reti Ethernet, le reti senza filo ed altre reti GSM GPRS UMTS.&#8221;][vc_empty_space][\/vc_column_inner][\/vc_row_inner][\/vc_column][\/vc_row][vc_row full_width=&#8221;stretch_row&#8221;][vc_column][tt_rp_title_shortcode title=&#8221;Domotica&#8221; show_sp=&#8221;yes&#8221;][vc_empty_space height=&#8221;30px&#8221;][vc_column_text]<img decoding=\"async\" loading=\"lazy\" class=\"alignleft wp-image-725\" style=\"margin: 5px 15px 15px 0;\" src=\"http:\/\/oriti\/wp-content\/uploads\/2016\/10\/35085620_S.jpg\" width=\"270\" height=\"202\" srcset=\"https:\/\/oriti.ch\/wp-content\/uploads\/2016\/10\/35085620_S.jpg 450w, https:\/\/oriti.ch\/wp-content\/uploads\/2016\/10\/35085620_S-300x224.jpg 300w\" sizes=\"(max-width: 270px) 100vw, 270px\" \/>La casa del presente, e soprattutto del futuro, pu\u00f2 migliorare la qualit\u00e0 della vita di chi la abita grazie all&#8217;ausilio di tecnologie specifiche che la rendono intelligente. Praticamente una casa domotica possiede un sistema integrato in grado di gestire le singole funzioni dei vari dispositivi in maniera coordinata, compresi i video citofoni, i vari comandi (interruttori, sistemi di allarme, termostati, tapparelle, musica) e molto altro ancora. Insomma tutto viene a far parte di un unico sistema che coordina e gestisce le singole funzioni, anche a distanza per consentire il corretto funzionamento. La domotica risponde anche ad esigenze pi\u00f9 frivole ma sempre molto appaganti, infatti pu\u00f2 controllare la musica, creando ascolti differenziati per genere e per volume, a seconda della stanza in cui ci troviamo. Inoltre, attraverso nuovissime applicazioni pu\u00f2 mixare luci differenti che variano per intensit\u00e0 e luminosit\u00e0 a seconda delle esigenze. Insomma, si pu\u00f2 creare un&#8217;atmosfera su misura in ogni stanza, qualcosa che sia davvero unico, scelto da noi, con pochi e semplici gesti. La personalizzazione delle funzioni \u00e8 proprio uno dei cavalli di battaglia della domotica che consente di impostare una casa su misura. Un&#8217;altro vantaggio della domotica sta nella possibilit\u00e0 di ottimizzare i consumi e quindi di avere un consistente risparmio energetico, rispetto ad un sistema tradizionale. Tutto si accender\u00e0 e spegner\u00e0 in funzione delle vostre esigenze, senza alcun spreco di energia.[\/vc_column_text][vc_empty_space height=&#8221;80px&#8221;][\/vc_column][\/vc_row]<\/p>\n","protected":false},"excerpt":{"rendered":"<p>[vc_row full_width=&#8221;stretch_row&#8221; css=&#8221;.vc_custom_1464355177050{background-color: #ffffff !important;}&#8221;][vc_column][vc_empty_space height=&#8221;44px&#8221;][tt_rp_title_shortcode title=&#8221;I NOSTRI SERVIZI&#8221; show_sp=&#8221;yes&#8221;][vc_empty_space height=&#8221;20px&#8221;][vc_row_inner][vc_column_inner][tt_rp_service_shortcode service_type=&#8221;type_3&#8243; image=&#8221;523&#8243; title=&#8221;Progettazione&#8221; text=&#8221;Grazie al nostro alto know-how tecnico sviluppiamo e progettiamo soluzioni per ogni tipo di evenienza che riguardi l&#8217;installazione di impianti elettrici, domotici, informatici, telefonia fissa e VOIP.&#8221; el_class=&#8221;alt387&#8243;][vc_empty_space height=&#8221;15&#8243;][tt_rp_service_shortcode service_type=&#8221;type_3&#8243; image=&#8221;22&#8243; title=&#8221;Elettricit\u00e0&#8221; text=&#8221;Siamo esperti nelle installazioni di nuovi impianti elettrici, come [&hellip;]<\/p>\n","protected":false},"author":1,"featured_media":0,"parent":0,"menu_order":0,"comment_status":"closed","ping_status":"closed","template":"","meta":[],"_links":{"self":[{"href":"https:\/\/oriti.ch\/index.php\/wp-json\/wp\/v2\/pages\/706"}],"collection":[{"href":"https:\/\/oriti.ch\/index.php\/wp-json\/wp\/v2\/pages"}],"about":[{"href":"https:\/\/oriti.ch\/index.php\/wp-json\/wp\/v2\/types\/page"}],"author":[{"embeddable":true,"href":"https:\/\/oriti.ch\/index.php\/wp-json\/wp\/v2\/users\/1"}],"replies":[{"embeddable":true,"href":"https:\/\/oriti.ch\/index.php\/wp-json\/wp\/v2\/comments?post=706"}],"version-history":[{"count":44,"href":"https:\/\/oriti.ch\/index.php\/wp-json\/wp\/v2\/pages\/706\/revisions"}],"predecessor-version":[{"id":886,"href":"https:\/\/oriti.ch\/index.php\/wp-json\/wp\/v2\/pages\/706\/revisions\/886"}],"wp:attachment":[{"href":"https:\/\/oriti.ch\/index.php\/wp-json\/wp\/v2\/media?parent=706"}],"curies":[{"name":"wp","href":"https:\/\/api.w.org\/{rel}","templated":true}]}}